{"id":48,"date":"2025-10-20T20:44:36","date_gmt":"2025-10-20T18:44:36","guid":{"rendered":"https:\/\/leramoneurdeseglien.bzh\/?page_id=48"},"modified":"2025-10-26T21:27:04","modified_gmt":"2025-10-26T20:27:04","slug":"poele-a-granules","status":"publish","type":"page","link":"https:\/\/leramoneurdeseglien.bzh\/nl\/poele-a-granules\/","title":{"rendered":"Pellettoestellen"},"content":{"rendered":"<h2 class=\"wp-block-heading\" id=\"\ud83d\udd25-ramonage-dun-poele-a-granules\">Een pelletkachel vegen<\/h2>\n\n\n\n<p>Een pelletkachel is een beetje zoals een motor: hij heeft lucht, zuiverheid en een helder rookkanaal nodig om goed te werken. Mijn rol is ervoor te zorgen dat de <strong>vegen en volledig reinigen van het toestel en het rookkanaal<\/strong> - maar <strong>geen alimentatie in de juridische zin van het woord<\/strong>, die moet worden uitgevoerd door een <strong>erkend merktechnicus<\/strong>.<\/p>\n\n\n\n<h3 class=\"wp-block-heading\" id=\"\ud83d\udd52-1-arrivee-et-preparation\">\ud83d\udd52 1. Aankomst en voorbereiding<\/h3>\n\n\n\n<p>Ik kom op de afgesproken tijd (of op de dichtstbijzijnde Bretonse minuut \ud83d\ude09 ) en samen inventariseren we hoe je kachel op dit moment werkt: ongewoon geluid, trage ontsteking, glas dat te snel verstopt raakt... elke aanwijzing helpt me om de diagnose scherp te stellen.<\/p>\n\n\n\n<p>Ik bescherm de vloer en de kachel met geschikte dekzeilen en ik sluit mijn professionele stofzuiger aan. Breng een <strong>stopcontact in de buurt<\/strong> voor afzuig- en regelapparatuur.<\/p>\n\n\n\n<h3 class=\"wp-block-heading\" id=\"\ud83e\uddf0-2-demontage-et-nettoyage-interne-du-poele\">\ud83e\uddf0 2. De kachel demonteren en de binnenkant schoonmaken<\/h3>\n\n\n\n<p>Ik ga naar de <strong>de interne onderdelen van de haard demonteren<\/strong> : deflector, kroes, toegangsluiken, warmtewisselaar, beschermplaten, enz.<\/p>\n\n\n\n<p>Elk onderdeel is zorgvuldig <strong>afgestoft en schoongemaakt<\/strong>, inclusief gebieden waar rook circuleert. Bijzondere zorg wordt besteed aan de\u2019<strong>rookafzuiger<\/strong>, Dit is essentieel voor de veiligheid en het verkeer van goederen.<\/p>\n\n\n\n<h3 class=\"wp-block-heading\" id=\"\ud83c\udf00-3-ramonage-mecanique-rotatif-du-conduit\">\ud83c\udf00 3. Mechanische roterende schoorsteenveger<\/h3>\n\n\n\n<p>De schoorsteen wordt vervolgens gereinigd door <strong>mechanisch roterend vegen<\/strong>. Deze methode <strong>krachtiger en zachter<\/strong>, Het maakt gebruik van een gemotoriseerd systeem met flexibele borstels die op een gecontroleerde snelheid ronddraaien. Het zorgt voor een grondige reiniging van roet en lichte bistre, zonder de behuizing te beschadigen.<\/p>\n\n\n\n<p>Dit is een <em>mini-debrisking<\/em> Geschikt voor pelletkachelrookkanalen: nauwkeurig, effici\u00ebnt en vriendelijk voor de apparatuur.<\/p>\n\n\n\n<h3 class=\"wp-block-heading\" id=\"\ud83c\udfa5-4-controle-et-verification\">\ud83c\udfa5 4. Controle en verificatie<\/h3>\n\n\n\n<p>Zodra het kanaal is schoongemaakt, ga ik verder met een <strong>cameracontrole<\/strong> om te controleren of hij leeg is en eventuele onregelmatigheden op te sporen (verstopping, bistre, defecte afdichtingen, scheuren, enz.) Van <strong>foto's<\/strong> worden genomen om de staat van de installatie te documenteren.<\/p>\n\n\n\n<h3 class=\"wp-block-heading\" id=\"\ud83d\udccb-5-audit-et-certificat\">\ud83d\udccb 5. Audit en certificaat<\/h3>\n\n\n\n<p>Ik sluit af met een <strong>volledige visuele controle<\/strong> de installatie: luchtinlaat, aansluiting, zichtbaar rookkanaal, dakuitlaat (eventueel bekeken met een drone). Alle informatie en foto's zijn opgenomen in een <strong>digitaal certificaat schoorsteenvegen<\/strong> die je binnen een paar uur per e-mail ontvangt.<\/p>\n\n\n\n<blockquote class=\"wp-block-quote is-layout-flow wp-block-quote-is-layout-flow\">\n<p><strong>\u26a0\ufe0f Belangrijk:<\/strong><br>Deze service heeft alleen betrekking op de <strong>vegen en schoonmaken van de kachel<\/strong>. L\u2019<strong>volledig jaarlijks onderhoud<\/strong> (controleren van elektrische onderdelen, de elektronische kaart, sensoren, enz. <strong>erkend merktechnicus<\/strong> van uw apparaat.<\/p>\n<\/blockquote>\n\n\n\n<h3 class=\"wp-block-heading\" id=\"\ud83d\udcb6-tarif-de-la-prestation\">Servicekosten<\/h3>\n\n\n\n<p>De <strong>een pelletkachel vegen<\/strong> is :<\/p>\n\n\n\n<p>169 \u20ac INCL. BTW<\/p>\n\n\n\n<p>Deze vergoeding omvat de demontage en reiniging van de haardonderdelen, het verwijderen van stof uit de afzuiging, het roterend vegen van het rookkanaal, de camera-inspectie, de visuele controle en de elektronische verzending van het veegcertificaat.<\/p>\n\n\n\n<blockquote class=\"wp-block-quote is-layout-flow wp-block-quote-is-layout-flow\">\n<p><strong>Schoorsteenveegtip:<\/strong><br>Laat uw kachel na mijn bezoek nog een tiental minuten werken, in de modus alleen ventilator, om het laatste interne stof te verwijderen. En onthoud: een schone kachel ademt en verbruikt minder pellets.<\/p>\n<\/blockquote>\n\n\n\n<div class=\"wp-block-rank-math-toc-block\" id=\"rank-math-toc\"><h2>Inhoudsopgave<\/h2><nav><ul><li><a href=\"#\ud83d\udd25-ramonage-dun-poele-a-granules\">Een pelletkachel vegen<\/a><ul><li><a href=\"#\ud83d\udd52-1-arrivee-et-preparation\">\ud83d\udd52 1. Aankomst en voorbereiding<\/a><\/li><li><a href=\"#\ud83e\uddf0-2-demontage-et-nettoyage-interne-du-poele\">\ud83e\uddf0 2. De kachel demonteren en de binnenkant schoonmaken<\/a><\/li><li><a href=\"#\ud83c\udf00-3-ramonage-mecanique-rotatif-du-conduit\">\ud83c\udf00 3. Mechanische roterende schoorsteenveger<\/a><\/li><li><a href=\"#\ud83c\udfa5-4-controle-et-verification\">\ud83c\udfa5 4. Controle en verificatie<\/a><\/li><li><a href=\"#\ud83d\udccb-5-audit-et-certificat\">\ud83d\udccb 5. Audit en certificaat<\/a><\/li><li><a href=\"#\ud83d\udcb6-tarif-de-la-prestation\">Servicekosten<\/a><\/li><\/ul><\/li><\/ul><\/nav><\/div>","protected":false},"excerpt":{"rendered":"<p>\ud83d\udd25 Ramonage d\u2019un po\u00eale \u00e0 granul\u00e9s Un po\u00eale \u00e0 granul\u00e9s, c\u2019est un peu comme un moteur : il a besoin [&hellip;]<\/p>\n","protected":false},"author":1,"featured_media":0,"parent":0,"menu_order":0,"comment_status":"closed","ping_status":"closed","template":"","meta":{"site-sidebar-layout":"default","site-content-layout":"","ast-site-content-layout":"default","site-content-style":"default","site-sidebar-style":"default","ast-global-header-display":"","ast-banner-title-visibility":"","ast-main-header-display":"","ast-hfb-above-header-display":"","ast-hfb-below-header-display":"","ast-hfb-mobile-header-display":"","site-post-title":"","ast-breadcrumbs-content":"","ast-featured-img":"","footer-sml-layout":"","ast-disable-related-posts":"","theme-transparent-header-meta":"","adv-header-id-meta":"","stick-header-meta":"","header-above-stick-meta":"","header-main-stick-meta":"","header-below-stick-meta":"","astra-migrate-meta-layouts":"default","ast-page-background-enabled":"default","ast-page-background-meta":{"desktop":{"background-color":"var(--ast-global-color-5)","background-image":"","background-repeat":"repeat","background-position":"center center","background-size":"auto","background-attachment":"scroll","background-type":"","background-media":"","overlay-type":"","overlay-color":"","overlay-opacity":"","overlay-gradient":""},"tablet":{"background-color":"","background-image":"","background-repeat":"repeat","background-position":"center center","background-size":"auto","background-attachment":"scroll","background-type":"","background-media":"","overlay-type":"","overlay-color":"","overlay-opacity":"","overlay-gradient":""},"mobile":{"background-color":"","background-image":"","background-repeat":"repeat","background-position":"center center","background-size":"auto","background-attachment":"scroll","background-type":"","background-media":"","overlay-type":"","overlay-color":"","overlay-opacity":"","overlay-gradient":""}},"ast-content-background-meta":{"desktop":{"background-color":"var(--ast-global-color-4)","background-image":"","background-repeat":"repeat","background-position":"center center","background-size":"auto","background-attachment":"scroll","background-type":"","background-media":"","overlay-type":"","overlay-color":"","overlay-opacity":"","overlay-gradient":""},"tablet":{"background-color":"var(--ast-global-color-4)","background-image":"","background-repeat":"repeat","background-position":"center center","background-size":"auto","background-attachment":"scroll","background-type":"","background-media":"","overlay-type":"","overlay-color":"","overlay-opacity":"","overlay-gradient":""},"mobile":{"background-color":"var(--ast-global-color-4)","background-image":"","background-repeat":"repeat","background-position":"center center","background-size":"auto","background-attachment":"scroll","background-type":"","background-media":"","overlay-type":"","overlay-color":"","overlay-opacity":"","overlay-gradient":""}},"_kadence_starter_templates_imported_post":false,"footnotes":""},"class_list":["post-48","page","type-page","status-publish","hentry"],"_links":{"self":[{"href":"https:\/\/leramoneurdeseglien.bzh\/nl\/wp-json\/wp\/v2\/pages\/48","targetHints":{"allow":["GET"]}}],"collection":[{"href":"https:\/\/leramoneurdeseglien.bzh\/nl\/wp-json\/wp\/v2\/pages"}],"about":[{"href":"https:\/\/leramoneurdeseglien.bzh\/nl\/wp-json\/wp\/v2\/types\/page"}],"author":[{"embeddable":true,"href":"https:\/\/leramoneurdeseglien.bzh\/nl\/wp-json\/wp\/v2\/users\/1"}],"replies":[{"embeddable":true,"href":"https:\/\/leramoneurdeseglien.bzh\/nl\/wp-json\/wp\/v2\/comments?post=48"}],"version-history":[{"count":3,"href":"https:\/\/leramoneurdeseglien.bzh\/nl\/wp-json\/wp\/v2\/pages\/48\/revisions"}],"predecessor-version":[{"id":280,"href":"https:\/\/leramoneurdeseglien.bzh\/nl\/wp-json\/wp\/v2\/pages\/48\/revisions\/280"}],"wp:attachment":[{"href":"https:\/\/leramoneurdeseglien.bzh\/nl\/wp-json\/wp\/v2\/media?parent=48"}],"curies":[{"name":"wp","href":"https:\/\/api.w.org\/{rel}","templated":true}]}}