{"id":48,"date":"2025-10-20T20:44:36","date_gmt":"2025-10-20T18:44:36","guid":{"rendered":"https:\/\/leramoneurdeseglien.bzh\/?page_id=48"},"modified":"2025-10-26T21:27:04","modified_gmt":"2025-10-26T20:27:04","slug":"poele-a-granules","status":"publish","type":"page","link":"https:\/\/leramoneurdeseglien.bzh\/en\/poele-a-granules\/","title":{"rendered":"Pellet appliances"},"content":{"rendered":"<h2 class=\"wp-block-heading\" id=\"\ud83d\udd25-ramonage-dun-poele-a-granules\">\ud83d\udd25 Sweeping a pellet stove<\/h2>\n\n\n\n<p>A pellet stove is a bit like an engine: it needs air, cleanliness and a clear flue to work properly. My role is to ensure the <strong>sweeping and complete cleaning of the appliance and flue pipe<\/strong> - but <strong>not maintenance in the legal sense of the term<\/strong>, which must be carried out by a <strong>authorised brand technician<\/strong>.<\/p>\n\n\n\n<h3 class=\"wp-block-heading\" id=\"\ud83d\udd52-1-arrivee-et-preparation\">\ud83d\udd52 1. Arrival and preparation<\/h3>\n\n\n\n<p>I'll arrive at the appointed time (or to the nearest Breton minute \ud83d\ude09 ) and together we'll take stock of how your stove is working at the moment: unusual noise, slow ignition, glass that's clogging up too quickly... any clue will help me focus the diagnosis.<\/p>\n\n\n\n<p>I'm protecting the floor and the stove with suitable tarpaulins, and I'm plugging in my professional hoover. Please bring a <strong>electrical socket nearby<\/strong> for suction and control equipment.<\/p>\n\n\n\n<h3 class=\"wp-block-heading\" id=\"\ud83e\uddf0-2-demontage-et-nettoyage-interne-du-poele\">\ud83e\uddf0 2. Dismantling and cleaning the inside of the stove<\/h3>\n\n\n\n<p>I proceed to the <strong>dismantling the internal parts of the fireplace<\/strong> : deflector, crucible, access hatches, heat exchanger, protective plates, etc.<\/p>\n\n\n\n<p>Each part is carefully <strong>dusted and cleaned<\/strong>, including areas where smoke circulates. Particular care is taken with the\u2019<strong>smoke extractor<\/strong>, This is essential for safety and the circulation of goods.<\/p>\n\n\n\n<h3 class=\"wp-block-heading\" id=\"\ud83c\udf00-3-ramonage-mecanique-rotatif-du-conduit\">\ud83c\udf00 3. Mechanical rotary chimney sweep<\/h3>\n\n\n\n<p>The flue is then cleaned by <strong>mechanical rotary sweeping<\/strong>. This method, both <strong>more powerful and softer<\/strong>, It uses a motorised system with flexible brushes rotating at a controlled speed. It provides in-depth cleaning of soot and light bistre, without damaging the casing.<\/p>\n\n\n\n<p>This is a <em>mini-debrisking<\/em> suitable for pellet stove flues: precise, efficient and gentle on the equipment.<\/p>\n\n\n\n<h3 class=\"wp-block-heading\" id=\"\ud83c\udfa5-4-controle-et-verification\">\ud83c\udfa5 4. Checking and verification<\/h3>\n\n\n\n<p>Once the duct has been cleaned, I proceed with a <strong>camera control<\/strong> to check that it is empty and detect any anomalies (blockage, bistre, faulty seals, cracks, etc.). From <strong>photos<\/strong> are taken to document the state of the installation.<\/p>\n\n\n\n<h3 class=\"wp-block-heading\" id=\"\ud83d\udccb-5-audit-et-certificat\">\ud83d\udccb 5. Audit and certificate<\/h3>\n\n\n\n<p>I'll end with a <strong>full visual audit<\/strong> the installation: air intake, connection, visible flue, roof outlet (viewed by drone if necessary). All the information and photos are included in a <strong>digital chimney sweeping certificate<\/strong> which you will receive by e-mail within a few hours.<\/p>\n\n\n\n<blockquote class=\"wp-block-quote is-layout-flow wp-block-quote-is-layout-flow\">\n<p><strong>\u26a0\ufe0f Important:<\/strong><br>This service only concerns the <strong>sweeping and cleaning the stove<\/strong>. L\u2019<strong>full annual maintenance<\/strong> (checking electrical components, the electronic board, sensors, etc.) must be carried out by a qualified electrician. <strong>authorised brand technician<\/strong> of your device.<\/p>\n<\/blockquote>\n\n\n\n<h3 class=\"wp-block-heading\" id=\"\ud83d\udcb6-tarif-de-la-prestation\">\ud83d\udcb6 Service charge<\/h3>\n\n\n\n<p>The <strong>sweeping a pellet stove<\/strong> is :<\/p>\n\n\n\n<p>169 \u20ac INCL. VAT<\/p>\n\n\n\n<p>This fee includes the dismantling and cleaning of the fireplace components, removal of dust from the extractor, rotary sweeping of the flue, camera inspection, visual audit and electronic transmission of the sweeping certificate.<\/p>\n\n\n\n<blockquote class=\"wp-block-quote is-layout-flow wp-block-quote-is-layout-flow\">\n<p><strong>\ud83d\udd25 Chimney Sweep Tip:<\/strong><br>Run your stove for about ten minutes after my visit, in fan-only mode, to evacuate the last of the internal dust. And remember: a clean stove breathes and uses fewer pellets.<\/p>\n<\/blockquote>\n\n\n\n<div class=\"wp-block-rank-math-toc-block\" id=\"rank-math-toc\"><h2>Table of Contents<\/h2><nav><ul><li><a href=\"#\ud83d\udd25-ramonage-dun-poele-a-granules\">\ud83d\udd25 Sweeping a pellet stove<\/a><ul><li><a href=\"#\ud83d\udd52-1-arrivee-et-preparation\">\ud83d\udd52 1. Arrival and preparation<\/a><\/li><li><a href=\"#\ud83e\uddf0-2-demontage-et-nettoyage-interne-du-poele\">\ud83e\uddf0 2. Dismantling and cleaning the inside of the stove<\/a><\/li><li><a href=\"#\ud83c\udf00-3-ramonage-mecanique-rotatif-du-conduit\">\ud83c\udf00 3. Mechanical rotary chimney sweep<\/a><\/li><li><a href=\"#\ud83c\udfa5-4-controle-et-verification\">\ud83c\udfa5 4. Checking and verification<\/a><\/li><li><a href=\"#\ud83d\udccb-5-audit-et-certificat\">\ud83d\udccb 5. Audit and certificate<\/a><\/li><li><a href=\"#\ud83d\udcb6-tarif-de-la-prestation\">\ud83d\udcb6 Service charge<\/a><\/li><\/ul><\/li><\/ul><\/nav><\/div>","protected":false},"excerpt":{"rendered":"<p>\ud83d\udd25 Ramonage d\u2019un po\u00eale \u00e0 granul\u00e9s Un po\u00eale \u00e0 granul\u00e9s, c\u2019est un peu comme un moteur : il a besoin [&hellip;]<\/p>\n","protected":false},"author":1,"featured_media":0,"parent":0,"menu_order":0,"comment_status":"closed","ping_status":"closed","template":"","meta":{"site-sidebar-layout":"default","site-content-layout":"","ast-site-content-layout":"default","site-content-style":"default","site-sidebar-style":"default","ast-global-header-display":"","ast-banner-title-visibility":"","ast-main-header-display":"","ast-hfb-above-header-display":"","ast-hfb-below-header-display":"","ast-hfb-mobile-header-display":"","site-post-title":"","ast-breadcrumbs-content":"","ast-featured-img":"","footer-sml-layout":"","ast-disable-related-posts":"","theme-transparent-header-meta":"","adv-header-id-meta":"","stick-header-meta":"","header-above-stick-meta":"","header-main-stick-meta":"","header-below-stick-meta":"","astra-migrate-meta-layouts":"default","ast-page-background-enabled":"default","ast-page-background-meta":{"desktop":{"background-color":"var(--ast-global-color-5)","background-image":"","background-repeat":"repeat","background-position":"center center","background-size":"auto","background-attachment":"scroll","background-type":"","background-media":"","overlay-type":"","overlay-color":"","overlay-opacity":"","overlay-gradient":""},"tablet":{"background-color":"","background-image":"","background-repeat":"repeat","background-position":"center center","background-size":"auto","background-attachment":"scroll","background-type":"","background-media":"","overlay-type":"","overlay-color":"","overlay-opacity":"","overlay-gradient":""},"mobile":{"background-color":"","background-image":"","background-repeat":"repeat","background-position":"center center","background-size":"auto","background-attachment":"scroll","background-type":"","background-media":"","overlay-type":"","overlay-color":"","overlay-opacity":"","overlay-gradient":""}},"ast-content-background-meta":{"desktop":{"background-color":"var(--ast-global-color-4)","background-image":"","background-repeat":"repeat","background-position":"center center","background-size":"auto","background-attachment":"scroll","background-type":"","background-media":"","overlay-type":"","overlay-color":"","overlay-opacity":"","overlay-gradient":""},"tablet":{"background-color":"var(--ast-global-color-4)","background-image":"","background-repeat":"repeat","background-position":"center center","background-size":"auto","background-attachment":"scroll","background-type":"","background-media":"","overlay-type":"","overlay-color":"","overlay-opacity":"","overlay-gradient":""},"mobile":{"background-color":"var(--ast-global-color-4)","background-image":"","background-repeat":"repeat","background-position":"center center","background-size":"auto","background-attachment":"scroll","background-type":"","background-media":"","overlay-type":"","overlay-color":"","overlay-opacity":"","overlay-gradient":""}},"_kadence_starter_templates_imported_post":false,"footnotes":""},"class_list":["post-48","page","type-page","status-publish","hentry"],"_links":{"self":[{"href":"https:\/\/leramoneurdeseglien.bzh\/en\/wp-json\/wp\/v2\/pages\/48","targetHints":{"allow":["GET"]}}],"collection":[{"href":"https:\/\/leramoneurdeseglien.bzh\/en\/wp-json\/wp\/v2\/pages"}],"about":[{"href":"https:\/\/leramoneurdeseglien.bzh\/en\/wp-json\/wp\/v2\/types\/page"}],"author":[{"embeddable":true,"href":"https:\/\/leramoneurdeseglien.bzh\/en\/wp-json\/wp\/v2\/users\/1"}],"replies":[{"embeddable":true,"href":"https:\/\/leramoneurdeseglien.bzh\/en\/wp-json\/wp\/v2\/comments?post=48"}],"version-history":[{"count":3,"href":"https:\/\/leramoneurdeseglien.bzh\/en\/wp-json\/wp\/v2\/pages\/48\/revisions"}],"predecessor-version":[{"id":280,"href":"https:\/\/leramoneurdeseglien.bzh\/en\/wp-json\/wp\/v2\/pages\/48\/revisions\/280"}],"wp:attachment":[{"href":"https:\/\/leramoneurdeseglien.bzh\/en\/wp-json\/wp\/v2\/media?parent=48"}],"curies":[{"name":"wp","href":"https:\/\/api.w.org\/{rel}","templated":true}]}}