{"id":48,"date":"2025-10-20T20:44:36","date_gmt":"2025-10-20T18:44:36","guid":{"rendered":"https:\/\/leramoneurdeseglien.bzh\/?page_id=48"},"modified":"2025-10-26T21:27:04","modified_gmt":"2025-10-26T20:27:04","slug":"poele-a-granules","status":"publish","type":"page","link":"https:\/\/leramoneurdeseglien.bzh\/de\/poele-a-granules\/","title":{"rendered":"Pelletger\u00e4te"},"content":{"rendered":"<h2 class=\"wp-block-heading\" id=\"\ud83d\udd25-ramonage-dun-poele-a-granules\">\ud83d\udd25 Schornsteinfeger eines Pelletofens<\/h2>\n\n\n\n<p>Ein Pelletofen ist ein bisschen wie ein Motor: Er braucht Luft, Sauberkeit und einen freien Schacht, um gut zu funktionieren. Meine Aufgabe ist es, den <strong>Schornsteinfeger und die vollst\u00e4ndige Reinigung des Ger\u00e4ts und des Rauchabzugs<\/strong> - sondern <strong>nicht die Wartung im gesetzlichen Sinne<\/strong>, die von einem <strong>zugelassener Techniker der Marke<\/strong>.<\/p>\n\n\n\n<h3 class=\"wp-block-heading\" id=\"\ud83d\udd52-1-arrivee-et-preparation\">\ud83d\udd52 1. Ankunft und Vorbereitung<\/h3>\n\n\n\n<p>Ich komme zur vereinbarten Zeit (oder auf die bretonische Minute genau \ud83d\ude09) und wir machen gemeinsam eine Bestandsaufnahme der aktuellen Funktionsweise Ihres Ofens: ungew\u00f6hnliche Ger\u00e4usche, langsames Anz\u00fcnden, eine Scheibe, die zu schnell verschmutzt ... jeder Hinweis hilft mir, die Diagnose in die richtige Richtung zu lenken.<\/p>\n\n\n\n<p>Ich sch\u00fctze den Boden und den Ofen mit geeigneten Planen und schlie\u00dfe meinen professionellen Staubsauger an. Bitte planen Sie eine <strong>Steckdose in der N\u00e4he<\/strong> f\u00fcr Saug- und Kontrollmaterial.<\/p>\n\n\n\n<h3 class=\"wp-block-heading\" id=\"\ud83e\uddf0-2-demontage-et-nettoyage-interne-du-poele\">\ud83e\uddf0 2. Zerlegen und innere Reinigung des Saunaofens<\/h3>\n\n\n\n<p>Ich f\u00fchre das <strong>Demontage der Innenteile der Feuerstelle<\/strong> : Deflektor, Schmelztiegel, Zugangsluken, W\u00e4rmetauscher, Schutzplatten usw.<\/p>\n\n\n\n<p>Jeder Teil ist sorgf\u00e4ltig <strong>entstaubt und gereinigt<\/strong>, einschlie\u00dflich der Bereiche, in denen Rauch zirkuliert. Besondere Sorgfalt wird auf die\u2019<strong>Rauchabzug<\/strong>, Die meisten Sch\u00fclerinnen und Sch\u00fcler sind in der Lage, eine Reihe von Informationen zu erhalten, die f\u00fcr die Sicherheit und den Druck entscheidend sind.<\/p>\n\n\n\n<h3 class=\"wp-block-heading\" id=\"\ud83c\udf00-3-ramonage-mecanique-rotatif-du-conduit\">\ud83c\udf00 3. Rotierender mechanischer Schornsteinfeger<\/h3>\n\n\n\n<p>Der Rauchabzug wird dann gereinigt durch <strong>rotierender mechanischer Schornsteinfeger<\/strong>. Diese Methode, sowohl <strong>st\u00e4rker und sanfter<\/strong>, Die \"Pinsel\" verwendet ein motorisiertes System mit weichen B\u00fcrsten, die mit kontrollierter Geschwindigkeit rotieren. Sie erm\u00f6glicht eine gr\u00fcndliche Reinigung von Ru\u00df und leichtem Schlamm, ohne die Rohrleitung zu besch\u00e4digen.<\/p>\n\n\n\n<p>Hier kann man von einem <em>Mini-Debatte<\/em> geeignet f\u00fcr die Leitungen von Pellet\u00f6fen: pr\u00e4zise, effizient und materialschonend.<\/p>\n\n\n\n<h3 class=\"wp-block-heading\" id=\"\ud83c\udfa5-4-controle-et-verification\">\ud83c\udfa5 4. Kontrolle und \u00dcberpr\u00fcfung<\/h3>\n\n\n\n<p>Nachdem ich den Schacht gereinigt habe, f\u00fchre ich eine <strong>Kamerasteuerung<\/strong> um ihre Leere zu \u00fcberpr\u00fcfen und m\u00f6gliche Anomalien zu entdecken (Verstopfung, Schlamm, defekte Dichtungen, Risse...). Von <strong>Fotos<\/strong> werden ergriffen, um den Zustand der Anlage zu dokumentieren.<\/p>\n\n\n\n<h3 class=\"wp-block-heading\" id=\"\ud83d\udccb-5-audit-et-certificat\">\ud83d\udccb 5. Pr\u00fcfung und Zertifikat<\/h3>\n\n\n\n<p>Ich schlie\u00dfe mit einem <strong>vollst\u00e4ndiges visuelles Audit<\/strong> der Installation: Luftzufuhr, Anschluss, sichtbarer Schacht, Dachauslass (ggf. Drohnenansicht). Alle Informationen und Fotos werden in einen <strong>digitales Schornsteinfegerzertifikat<\/strong> die Sie innerhalb weniger Stunden per E-Mail erhalten.<\/p>\n\n\n\n<blockquote class=\"wp-block-quote is-layout-flow wp-block-quote-is-layout-flow\">\n<p><strong>\u26a0\ufe0f Wichtig:<\/strong><br>Diese Leistung betrifft nur den <strong>Schornsteinfeger und Reinigung des Ofens<\/strong>. L\u2019<strong>vollst\u00e4ndige j\u00e4hrliche Wartung<\/strong> (\u00dcberpr\u00fcfung der elektrischen Komponenten, der elektronischen Platine, der Sensoren usw.) muss von einem <strong>zugelassener Techniker der Marke<\/strong> Ihres Ger\u00e4ts.<\/p>\n<\/blockquote>\n\n\n\n<h3 class=\"wp-block-heading\" id=\"\ud83d\udcb6-tarif-de-la-prestation\">\ud83d\udcb6 Geb\u00fchr f\u00fcr die Leistung<\/h3>\n\n\n\n<p>Der Tarif des <strong>Schornsteinfeger f\u00fcr einen Pelletofen<\/strong> ist von :<\/p>\n\n\n\n<p>169 \u20ac INKL. MWST.<\/p>\n\n\n\n<p>Dieser Tarif umfasst die Demontage und Reinigung der Kaminteile, die Entstaubung des Abzugs, die rotierende Kehrung des Schornsteins, die Kamerakontrolle, die visuelle Pr\u00fcfung und die elektronische Zusendung des Schornsteinfegerzertifikats.<\/p>\n\n\n\n<blockquote class=\"wp-block-quote is-layout-flow wp-block-quote-is-layout-flow\">\n<p><strong>\ud83d\udd25 Tipp des Schornsteinfegers :<\/strong><br>Lassen Sie Ihren Ofen nach meinem Besuch etwa zehn Minuten lang im reinen L\u00fcftungsmodus laufen, um den letzten Staub aus dem Inneren des Ofens zu entfernen. Und denken Sie daran: Ein sauberer Ofen ist ein Ofen, der atmet und weniger Pellets verbraucht.<\/p>\n<\/blockquote>\n\n\n\n<div class=\"wp-block-rank-math-toc-block\" id=\"rank-math-toc\"><h2>Table of Contents<\/h2><nav><ul><li><a href=\"#\ud83d\udd25-ramonage-dun-poele-a-granules\">\ud83d\udd25 Schornsteinfeger eines Pelletofens<\/a><ul><li><a href=\"#\ud83d\udd52-1-arrivee-et-preparation\">\ud83d\udd52 1. Ankunft und Vorbereitung<\/a><\/li><li><a href=\"#\ud83e\uddf0-2-demontage-et-nettoyage-interne-du-poele\">\ud83e\uddf0 2. Zerlegen und innere Reinigung des Saunaofens<\/a><\/li><li><a href=\"#\ud83c\udf00-3-ramonage-mecanique-rotatif-du-conduit\">\ud83c\udf00 3. Rotierender mechanischer Schornsteinfeger<\/a><\/li><li><a href=\"#\ud83c\udfa5-4-controle-et-verification\">\ud83c\udfa5 4. Kontrolle und \u00dcberpr\u00fcfung<\/a><\/li><li><a href=\"#\ud83d\udccb-5-audit-et-certificat\">\ud83d\udccb 5. Pr\u00fcfung und Zertifikat<\/a><\/li><li><a href=\"#\ud83d\udcb6-tarif-de-la-prestation\">\ud83d\udcb6 Geb\u00fchr f\u00fcr die Leistung<\/a><\/li><\/ul><\/li><\/ul><\/nav><\/div>","protected":false},"excerpt":{"rendered":"<p>\ud83d\udd25 Ramonage d\u2019un po\u00eale \u00e0 granul\u00e9s Un po\u00eale \u00e0 granul\u00e9s, c\u2019est un peu comme un moteur : il a besoin [&hellip;]<\/p>\n","protected":false},"author":1,"featured_media":0,"parent":0,"menu_order":0,"comment_status":"closed","ping_status":"closed","template":"","meta":{"site-sidebar-layout":"default","site-content-layout":"","ast-site-content-layout":"default","site-content-style":"default","site-sidebar-style":"default","ast-global-header-display":"","ast-banner-title-visibility":"","ast-main-header-display":"","ast-hfb-above-header-display":"","ast-hfb-below-header-display":"","ast-hfb-mobile-header-display":"","site-post-title":"","ast-breadcrumbs-content":"","ast-featured-img":"","footer-sml-layout":"","ast-disable-related-posts":"","theme-transparent-header-meta":"","adv-header-id-meta":"","stick-header-meta":"","header-above-stick-meta":"","header-main-stick-meta":"","header-below-stick-meta":"","astra-migrate-meta-layouts":"default","ast-page-background-enabled":"default","ast-page-background-meta":{"desktop":{"background-color":"var(--ast-global-color-5)","background-image":"","background-repeat":"repeat","background-position":"center center","background-size":"auto","background-attachment":"scroll","background-type":"","background-media":"","overlay-type":"","overlay-color":"","overlay-opacity":"","overlay-gradient":""},"tablet":{"background-color":"","background-image":"","background-repeat":"repeat","background-position":"center center","background-size":"auto","background-attachment":"scroll","background-type":"","background-media":"","overlay-type":"","overlay-color":"","overlay-opacity":"","overlay-gradient":""},"mobile":{"background-color":"","background-image":"","background-repeat":"repeat","background-position":"center center","background-size":"auto","background-attachment":"scroll","background-type":"","background-media":"","overlay-type":"","overlay-color":"","overlay-opacity":"","overlay-gradient":""}},"ast-content-background-meta":{"desktop":{"background-color":"var(--ast-global-color-4)","background-image":"","background-repeat":"repeat","background-position":"center center","background-size":"auto","background-attachment":"scroll","background-type":"","background-media":"","overlay-type":"","overlay-color":"","overlay-opacity":"","overlay-gradient":""},"tablet":{"background-color":"var(--ast-global-color-4)","background-image":"","background-repeat":"repeat","background-position":"center center","background-size":"auto","background-attachment":"scroll","background-type":"","background-media":"","overlay-type":"","overlay-color":"","overlay-opacity":"","overlay-gradient":""},"mobile":{"background-color":"var(--ast-global-color-4)","background-image":"","background-repeat":"repeat","background-position":"center center","background-size":"auto","background-attachment":"scroll","background-type":"","background-media":"","overlay-type":"","overlay-color":"","overlay-opacity":"","overlay-gradient":""}},"_kadence_starter_templates_imported_post":false,"footnotes":""},"class_list":["post-48","page","type-page","status-publish","hentry"],"_links":{"self":[{"href":"https:\/\/leramoneurdeseglien.bzh\/de\/wp-json\/wp\/v2\/pages\/48","targetHints":{"allow":["GET"]}}],"collection":[{"href":"https:\/\/leramoneurdeseglien.bzh\/de\/wp-json\/wp\/v2\/pages"}],"about":[{"href":"https:\/\/leramoneurdeseglien.bzh\/de\/wp-json\/wp\/v2\/types\/page"}],"author":[{"embeddable":true,"href":"https:\/\/leramoneurdeseglien.bzh\/de\/wp-json\/wp\/v2\/users\/1"}],"replies":[{"embeddable":true,"href":"https:\/\/leramoneurdeseglien.bzh\/de\/wp-json\/wp\/v2\/comments?post=48"}],"version-history":[{"count":3,"href":"https:\/\/leramoneurdeseglien.bzh\/de\/wp-json\/wp\/v2\/pages\/48\/revisions"}],"predecessor-version":[{"id":280,"href":"https:\/\/leramoneurdeseglien.bzh\/de\/wp-json\/wp\/v2\/pages\/48\/revisions\/280"}],"wp:attachment":[{"href":"https:\/\/leramoneurdeseglien.bzh\/de\/wp-json\/wp\/v2\/media?parent=48"}],"curies":[{"name":"wp","href":"https:\/\/api.w.org\/{rel}","templated":true}]}}